{"id":11349,"date":"2026-01-26T23:22:25","date_gmt":"2026-01-26T23:22:25","guid":{"rendered":"https:\/\/ottolock.de\/imprint\/"},"modified":"2026-02-02T05:54:45","modified_gmt":"2026-02-02T04:54:45","slug":"imprint","status":"publish","type":"page","link":"https:\/\/www.ottolock.de\/en\/imprint\/","title":{"rendered":"Imprint"},"content":{"rendered":"\t\t<div data-elementor-type=\"wp-page\" data-elementor-id=\"11349\" class=\"elementor elementor-11349 elementor-8545\" data-elementor-post-type=\"page\">\n\t\t\t\t\t\t<section class=\"elementor-section elementor-top-section elementor-element elementor-element-5335baae elementor-section-boxed elementor-section-height-default elementor-section-height-default\" data-id=\"5335baae\" data-element_type=\"section\" data-e-type=\"section\">\n\t\t\t\t\t\t<div class=\"elementor-container elementor-column-gap-default\">\n\t\t\t\t\t<div class=\"elementor-column elementor-col-100 elementor-top-column elementor-element elementor-element-297aa76c\" data-id=\"297aa76c\" data-element_type=\"column\" data-e-type=\"column\">\n\t\t\t<div class=\"elementor-widget-wrap elementor-element-populated\">\n\t\t\t\t\t\t<div class=\"elementor-element elementor-element-b422e77 elementor-widget elementor-widget-text-editor\" data-id=\"b422e77\" data-element_type=\"widget\" data-e-type=\"widget\" data-widget_type=\"text-editor.default\">\n\t\t\t\t<div class=\"elementor-widget-container\">\n\t\t\t\t\t\t\t\t\t<p>Sweatpoint Sports GmbH<br>B\u00f6cklerstra\u00dfe 5<br>44287 Dortmund<\/p>\n<p>E-Mail: info@sweatpoint.de<\/p><p>Tel: 01578-5934834<\/p>\n<p>Registergericht: Dortmund<br>Registernummer: HRB37956<\/p>\n<p>Gesch\u00e4ftsf\u00fchrer: Bj\u00f6rn Holzapfel<\/p>\n<p>Umsatzsteuer-Identifikationsnummer gem\u00e4\u00df \u00a7 27 a Umsatzsteuergesetz:&nbsp;<\/p>\n<p>DE459580334<\/p>\n<p>Plattform der EU-Kommission zur Online-Streitbeilegung:&nbsp;<a href=\"https:\/\/ec.europa.eu\/odr\" target=\"_blank\" rel=\"noopener\">https:\/\/ec.europa.eu\/odr<\/a><\/p>\n<p>Wir sind zur Teilnahme an einem Streitbeilegungsverfahren vor einer Verbraucherschlichtungsstelle nicht verpflichtet, hierzu jedoch bereit.<\/p>\t\t\t\t\t\t\t\t<\/div>\n\t\t\t\t<\/div>\n\t\t\t\t\t<\/div>\n\t\t<\/div>\n\t\t\t\t\t<\/div>\n\t\t<\/section>\n\t\t\t\t<\/div>\n\t\t","protected":false},"excerpt":{"rendered":"<p>Sweatpoint Sports GmbHB\u00f6cklerstra\u00dfe 544287 Dortmund E-Mail: info@sweatpoint.de Tel: 01578-5934834 Registergericht: DortmundRegisternummer: HRB37956 Gesch\u00e4ftsf\u00fchrer: Bj\u00f6rn Holzapfel Umsatzsteuer-Identifikationsnummer gem\u00e4\u00df \u00a7 27 a Umsatzsteuergesetz:&nbsp; DE459580334 Plattform der EU-Kommission zur Online-Streitbeilegung:&nbsp;https:\/\/ec.europa.eu\/odr Wir sind zur Teilnahme an einem Streitbeilegungsverfahren vor einer Verbraucherschlichtungsstelle nicht verpflichtet, hierzu jedoch bereit.<\/p>\n","protected":false},"author":1,"featured_media":0,"parent":0,"menu_order":0,"comment_status":"closed","ping_status":"closed","template":"template-fullwidth.php","meta":{"footnotes":""},"class_list":["post-11349","page","type-page","status-publish","hentry"],"yoast_head":"<!-- This site is optimized with the Yoast SEO plugin v27.5 - https:\/\/yoast.com\/product\/yoast-seo-wordpress\/ -->\n<title>Imprint<\/title>\n<meta name=\"description\" content=\"Imprint\" \/>\n<meta name=\"robots\" content=\"noindex, follow\" \/>\n<meta property=\"og:locale\" content=\"en_US\" \/>\n<meta property=\"og:type\" content=\"article\" \/>\n<meta property=\"og:title\" content=\"Imprint\" \/>\n<meta property=\"og:description\" content=\"Imprint\" \/>\n<meta property=\"og:url\" content=\"https:\/\/www.ottolock.de\/en\/imprint\/\" \/>\n<meta property=\"og:site_name\" content=\"ottolock.de\" \/>\n<meta property=\"article:modified_time\" content=\"2026-02-02T04:54:45+00:00\" \/>\n<meta name=\"twitter:card\" content=\"summary_large_image\" \/>\n<meta name=\"twitter:label1\" content=\"Est. reading time\" \/>\n\t<meta name=\"twitter:data1\" content=\"1 minute\" \/>\n<script type=\"application\/ld+json\" class=\"yoast-schema-graph\">{\"@context\":\"https:\\\/\\\/schema.org\",\"@graph\":[{\"@type\":\"WebPage\",\"@id\":\"https:\\\/\\\/www.ottolock.de\\\/en\\\/imprint\\\/\",\"url\":\"https:\\\/\\\/www.ottolock.de\\\/en\\\/imprint\\\/\",\"name\":\"Imprint\",\"isPartOf\":{\"@id\":\"https:\\\/\\\/www.ottolock.de\\\/en\\\/#website\"},\"datePublished\":\"2026-01-26T23:22:25+00:00\",\"dateModified\":\"2026-02-02T04:54:45+00:00\",\"description\":\"Imprint\",\"breadcrumb\":{\"@id\":\"https:\\\/\\\/www.ottolock.de\\\/en\\\/imprint\\\/#breadcrumb\"},\"inLanguage\":\"en-US\",\"potentialAction\":[{\"@type\":\"ReadAction\",\"target\":[\"https:\\\/\\\/www.ottolock.de\\\/en\\\/imprint\\\/\"]}]},{\"@type\":\"BreadcrumbList\",\"@id\":\"https:\\\/\\\/www.ottolock.de\\\/en\\\/imprint\\\/#breadcrumb\",\"itemListElement\":[{\"@type\":\"ListItem\",\"position\":1,\"name\":\"Home\",\"item\":\"https:\\\/\\\/www.ottolock.de\\\/en\\\/\"},{\"@type\":\"ListItem\",\"position\":2,\"name\":\"Imprint\"}]},{\"@type\":\"WebSite\",\"@id\":\"https:\\\/\\\/www.ottolock.de\\\/en\\\/#website\",\"url\":\"https:\\\/\\\/www.ottolock.de\\\/en\\\/\",\"name\":\"ottolock.de\",\"description\":\"buy ottolock Bike Locks online at ottolock.com\",\"publisher\":{\"@id\":\"https:\\\/\\\/www.ottolock.de\\\/en\\\/#organization\"},\"potentialAction\":[{\"@type\":\"SearchAction\",\"target\":{\"@type\":\"EntryPoint\",\"urlTemplate\":\"https:\\\/\\\/www.ottolock.de\\\/en\\\/?s={search_term_string}\"},\"query-input\":{\"@type\":\"PropertyValueSpecification\",\"valueRequired\":true,\"valueName\":\"search_term_string\"}}],\"inLanguage\":\"en-US\"},{\"@type\":\"Organization\",\"@id\":\"https:\\\/\\\/www.ottolock.de\\\/en\\\/#organization\",\"name\":\"coverso.de Alarmanlagen - AJAX Alarmanlage, Einbruchschutz und \u00dcberwachungskameras\",\"url\":\"https:\\\/\\\/www.ottolock.de\\\/en\\\/\",\"logo\":{\"@type\":\"ImageObject\",\"inLanguage\":\"en-US\",\"@id\":\"https:\\\/\\\/www.ottolock.de\\\/en\\\/#\\\/schema\\\/logo\\\/image\\\/\",\"url\":\"https:\\\/\\\/ottolock.de\\\/wp-content\\\/uploads\\\/2021\\\/02\\\/cropped-coverso-logo-250-1.png\",\"contentUrl\":\"https:\\\/\\\/ottolock.de\\\/wp-content\\\/uploads\\\/2021\\\/02\\\/cropped-coverso-logo-250-1.png\",\"width\":250,\"height\":75,\"caption\":\"coverso.de Alarmanlagen - AJAX Alarmanlage, Einbruchschutz und \u00dcberwachungskameras\"},\"image\":{\"@id\":\"https:\\\/\\\/www.ottolock.de\\\/en\\\/#\\\/schema\\\/logo\\\/image\\\/\"}}]}<\/script>\n<!-- \/ Yoast SEO plugin. -->","yoast_head_json":{"title":"Imprint","description":"Imprint","robots":{"index":"noindex","follow":"follow"},"og_locale":"en_US","og_type":"article","og_title":"Imprint","og_description":"Imprint","og_url":"https:\/\/www.ottolock.de\/en\/imprint\/","og_site_name":"ottolock.de","article_modified_time":"2026-02-02T04:54:45+00:00","twitter_card":"summary_large_image","twitter_misc":{"Est. reading time":"1 minute"},"schema":{"@context":"https:\/\/schema.org","@graph":[{"@type":"WebPage","@id":"https:\/\/www.ottolock.de\/en\/imprint\/","url":"https:\/\/www.ottolock.de\/en\/imprint\/","name":"Imprint","isPartOf":{"@id":"https:\/\/www.ottolock.de\/en\/#website"},"datePublished":"2026-01-26T23:22:25+00:00","dateModified":"2026-02-02T04:54:45+00:00","description":"Imprint","breadcrumb":{"@id":"https:\/\/www.ottolock.de\/en\/imprint\/#breadcrumb"},"inLanguage":"en-US","potentialAction":[{"@type":"ReadAction","target":["https:\/\/www.ottolock.de\/en\/imprint\/"]}]},{"@type":"BreadcrumbList","@id":"https:\/\/www.ottolock.de\/en\/imprint\/#breadcrumb","itemListElement":[{"@type":"ListItem","position":1,"name":"Home","item":"https:\/\/www.ottolock.de\/en\/"},{"@type":"ListItem","position":2,"name":"Imprint"}]},{"@type":"WebSite","@id":"https:\/\/www.ottolock.de\/en\/#website","url":"https:\/\/www.ottolock.de\/en\/","name":"ottolock.de","description":"buy ottolock Bike Locks online at ottolock.com","publisher":{"@id":"https:\/\/www.ottolock.de\/en\/#organization"},"potentialAction":[{"@type":"SearchAction","target":{"@type":"EntryPoint","urlTemplate":"https:\/\/www.ottolock.de\/en\/?s={search_term_string}"},"query-input":{"@type":"PropertyValueSpecification","valueRequired":true,"valueName":"search_term_string"}}],"inLanguage":"en-US"},{"@type":"Organization","@id":"https:\/\/www.ottolock.de\/en\/#organization","name":"coverso.de Alarmanlagen - AJAX Alarmanlage, Einbruchschutz und \u00dcberwachungskameras","url":"https:\/\/www.ottolock.de\/en\/","logo":{"@type":"ImageObject","inLanguage":"en-US","@id":"https:\/\/www.ottolock.de\/en\/#\/schema\/logo\/image\/","url":"https:\/\/ottolock.de\/wp-content\/uploads\/2021\/02\/cropped-coverso-logo-250-1.png","contentUrl":"https:\/\/ottolock.de\/wp-content\/uploads\/2021\/02\/cropped-coverso-logo-250-1.png","width":250,"height":75,"caption":"coverso.de Alarmanlagen - AJAX Alarmanlage, Einbruchschutz und \u00dcberwachungskameras"},"image":{"@id":"https:\/\/www.ottolock.de\/en\/#\/schema\/logo\/image\/"}}]}},"_links":{"self":[{"href":"https:\/\/www.ottolock.de\/en\/wp-json\/wp\/v2\/pages\/11349","targetHints":{"allow":["GET"]}}],"collection":[{"href":"https:\/\/www.ottolock.de\/en\/wp-json\/wp\/v2\/pages"}],"about":[{"href":"https:\/\/www.ottolock.de\/en\/wp-json\/wp\/v2\/types\/page"}],"author":[{"embeddable":true,"href":"https:\/\/www.ottolock.de\/en\/wp-json\/wp\/v2\/users\/1"}],"replies":[{"embeddable":true,"href":"https:\/\/www.ottolock.de\/en\/wp-json\/wp\/v2\/comments?post=11349"}],"version-history":[{"count":7,"href":"https:\/\/www.ottolock.de\/en\/wp-json\/wp\/v2\/pages\/11349\/revisions"}],"predecessor-version":[{"id":17033,"href":"https:\/\/www.ottolock.de\/en\/wp-json\/wp\/v2\/pages\/11349\/revisions\/17033"}],"wp:attachment":[{"href":"https:\/\/www.ottolock.de\/en\/wp-json\/wp\/v2\/media?parent=11349"}],"curies":[{"name":"wp","href":"https:\/\/api.w.org\/{rel}","templated":true}]}}